{"id":133,"date":"2025-08-13T14:30:24","date_gmt":"2025-08-13T14:30:24","guid":{"rendered":"https:\/\/www.test.zakkumalgoloji.com\/?page_id=133"},"modified":"2025-08-14T12:12:17","modified_gmt":"2025-08-14T12:12:17","slug":"isg","status":"publish","type":"page","link":"https:\/\/www.test.zakkumalgoloji.com\/?page_id=133","title":{"rendered":"\u0130SG"},"content":{"rendered":"\t\t<div data-elementor-type=\"wp-page\" data-elementor-id=\"133\" class=\"elementor elementor-133\" data-elementor-post-type=\"page\">\n\t\t\t\t\t\t<section class=\"elementor-section elementor-top-section elementor-element elementor-element-49924221 elementor-section-boxed elementor-section-height-default elementor-section-height-default\" data-id=\"49924221\" data-element_type=\"section\" data-settings=\"{&quot;background_background&quot;:&quot;classic&quot;}\">\n\t\t\t\t\t\t\t<div class=\"elementor-background-overlay\"><\/div>\n\t\t\t\t\t\t\t<div class=\"elementor-container elementor-column-gap-default\">\n\t\t\t\t\t<div class=\"elementor-column elementor-col-100 elementor-top-column elementor-element elementor-element-4b253992\" data-id=\"4b253992\" data-element_type=\"column\">\n\t\t\t<div class=\"elementor-widget-wrap elementor-element-populated\">\n\t\t\t\t\t\t<div class=\"elementor-element elementor-element-a234c76 elementor-widget elementor-widget-spacer\" data-id=\"a234c76\" data-element_type=\"widget\" data-widget_type=\"spacer.default\">\n\t\t\t\t\t\t\t<div class=\"elementor-spacer\">\n\t\t\t<div class=\"elementor-spacer-inner\"><\/div>\n\t\t<\/div>\n\t\t\t\t\t\t<\/div>\n\t\t\t\t<div class=\"elementor-element elementor-element-6f9530f6 elementor-widget elementor-widget-heading\" data-id=\"6f9530f6\" data-element_type=\"widget\" data-widget_type=\"heading.default\">\n\t\t\t\t\t<h2 class=\"elementor-heading-title elementor-size-default\">\n\u0130\u015f Sa\u011fl\u0131\u011f\u0131 ve G\u00fcvenli\u011fi<\/h2>\t\t\t\t<\/div>\n\t\t\t\t<div class=\"elementor-element elementor-element-bd5993a elementor-widget elementor-widget-spacer\" data-id=\"bd5993a\" data-element_type=\"widget\" data-widget_type=\"spacer.default\">\n\t\t\t\t\t\t\t<div class=\"elementor-spacer\">\n\t\t\t<div class=\"elementor-spacer-inner\"><\/div>\n\t\t<\/div>\n\t\t\t\t\t\t<\/div>\n\t\t\t\t\t<\/div>\n\t\t<\/div>\n\t\t\t\t\t<\/div>\n\t\t<\/section>\n\t\t\t\t<section class=\"elementor-section elementor-top-section elementor-element elementor-element-2d0c2631 elementor-section-boxed elementor-section-height-default elementor-section-height-default\" data-id=\"2d0c2631\" data-element_type=\"section\">\n\t\t\t\t\t\t<div class=\"elementor-container elementor-column-gap-default\">\n\t\t\t\t\t<div class=\"elementor-column elementor-col-50 elementor-top-column elementor-element elementor-element-41db1119\" data-id=\"41db1119\" data-element_type=\"column\">\n\t\t\t<div class=\"elementor-widget-wrap elementor-element-populated\">\n\t\t\t\t\t\t<div class=\"elementor-element elementor-element-6b7bde09 elementor-widget elementor-widget-image\" data-id=\"6b7bde09\" data-element_type=\"widget\" data-widget_type=\"image.default\">\n\t\t\t\t\t\t\t\t\t\t\t\t\t\t\t<img fetchpriority=\"high\" decoding=\"async\" width=\"500\" height=\"588\" src=\"https:\/\/www.test.zakkumalgoloji.com\/wp-content\/uploads\/2025\/08\/a45aabda7cbf8d034b48ec7e7ae0defc-e1755173531395.jpg\" class=\"attachment-full size-full wp-image-230\" alt=\"\" srcset=\"https:\/\/www.test.zakkumalgoloji.com\/wp-content\/uploads\/2025\/08\/a45aabda7cbf8d034b48ec7e7ae0defc-e1755173531395.jpg 500w, https:\/\/www.test.zakkumalgoloji.com\/wp-content\/uploads\/2025\/08\/a45aabda7cbf8d034b48ec7e7ae0defc-e1755173531395-255x300.jpg 255w\" sizes=\"(max-width: 500px) 100vw, 500px\" \/>\t\t\t\t\t\t\t\t\t\t\t\t\t\t\t<\/div>\n\t\t\t\t\t<\/div>\n\t\t<\/div>\n\t\t\t\t<div class=\"elementor-column elementor-col-50 elementor-top-column elementor-element elementor-element-4d56555\" data-id=\"4d56555\" data-element_type=\"column\">\n\t\t\t<div class=\"elementor-widget-wrap elementor-element-populated\">\n\t\t\t\t\t\t<div class=\"elementor-element elementor-element-42aece3b elementor-widget elementor-widget-heading\" data-id=\"42aece3b\" data-element_type=\"widget\" data-widget_type=\"heading.default\">\n\t\t\t\t\t<h3 class=\"elementor-heading-title elementor-size-default\">\n\u0130\u015f Sa\u011fl\u0131\u011f\u0131 ve G\u00fcvenli\u011fi<\/h3>\t\t\t\t<\/div>\n\t\t\t\t<div class=\"elementor-element elementor-element-b337643 elementor-widget elementor-widget-spacer\" data-id=\"b337643\" data-element_type=\"widget\" data-widget_type=\"spacer.default\">\n\t\t\t\t\t\t\t<div class=\"elementor-spacer\">\n\t\t\t<div class=\"elementor-spacer-inner\"><\/div>\n\t\t<\/div>\n\t\t\t\t\t\t<\/div>\n\t\t\t\t<div class=\"elementor-element elementor-element-300f2b1e elementor-widget elementor-widget-text-editor\" data-id=\"300f2b1e\" data-element_type=\"widget\" data-widget_type=\"text-editor.default\">\n\t\t\t\t\t\t\t\t\t<div class=\"title\"><strong>\u0130\u015e SA\u011eLI\u011eI VE G\u00dcVENL\u0130\u011e\u0130 POL\u0130T\u0130KASI<\/strong><\/div><div class=\"title\">Global Magnet Sondaj\u00a0olarak, do\u011fru ve verimli bir \u00e7al\u0131\u015fman\u0131n ancak g\u00fcvenli ve sa\u011fl\u0131kl\u0131 bir \u00e7al\u0131\u015fma ortam\u0131nda ger\u00e7ekle\u015ftirilebilece\u011fine inanmaktay\u0131z.<\/div><div>\u00a0<\/div><p><strong>Global Magnet Sondaj\u00a0t\u00fcm s\u00fcre\u00e7lerde;<\/strong><br \/>Ulusal ve uluslararas\u0131 yasal d\u00fczenlemelere, i\u015f sa\u011fl\u0131\u011f\u0131 ve g\u00fcvenli\u011fi ile ilgili kanun, mevzuat ve di\u011fer y\u00fck\u00fcml\u00fcl\u00fcklere uymay\u0131, i\u015f sa\u011fl\u0131\u011f\u0131 ve g\u00fcvenli\u011fi konusunda sekt\u00f6rel ve teknolojik geli\u015fmeleri takip ederek olu\u015fabilecek i\u015f kazalar\u0131n\u0131 \u00f6nlemeyi ve i\u015f sa\u011fl\u0131\u011f\u0131 ve g\u00fcvenli\u011fi performans\u0131n\u0131 s\u00fcrekli olarak geli\u015ftirmeyi, i\u015f sa\u011fl\u0131\u011f\u0131 ve g\u00fcvenli\u011fi ile ilgili t\u00fcm ekipmanlar\u0131 en do\u011fru ve en verimli \u015fekilde kullanmay\u0131, \u00e7al\u0131\u015f\u0131lacak projelerin ba\u015flang\u0131c\u0131ndan bitimine kadar olu\u015fabilecek i\u015f kazalar\u0131n\u0131n \u00f6nceden analiz ve de\u011ferlendirilmesi yaparak gerekli ekipmanlarla \u00f6nlemleri almay\u0131, en \u00fcst birimden en alt birime kadar t\u00fcm \u00e7al\u0131\u015fanlar\u0131m\u0131z\u0131n i\u015f sa\u011fl\u0131\u011f\u0131 ve g\u00fcvenli\u011fi konusunda e\u011fitimler almas\u0131n\u0131 sa\u011flayarak i\u015f sa\u011fl\u0131\u011f\u0131 ve g\u00fcvenli\u011fi sorumlulu\u011fu olu\u015fturmay\u0131 ve bu bilinci art\u0131rmay\u0131 hedeflemekte ve taahh\u00fct etmektedir.<\/p>\t\t\t\t\t\t\t\t<\/div>\n\t\t\t\t\t<\/div>\n\t\t<\/div>\n\t\t\t\t\t<\/div>\n\t\t<\/section>\n\t\t\t\t<section class=\"elementor-section elementor-top-section elementor-element elementor-element-1847f7c6 elementor-section-boxed elementor-section-height-default elementor-section-height-default\" data-id=\"1847f7c6\" data-element_type=\"section\">\n\t\t\t\t\t\t<div class=\"elementor-container elementor-column-gap-default\">\n\t\t\t\t\t<div class=\"elementor-column elementor-col-100 elementor-top-column elementor-element elementor-element-55018f0d\" data-id=\"55018f0d\" data-element_type=\"column\">\n\t\t\t<div class=\"elementor-widget-wrap elementor-element-populated\">\n\t\t\t\t\t\t<section class=\"elementor-section elementor-inner-section elementor-element elementor-element-4887ca68 elementor-section-boxed elementor-section-height-default elementor-section-height-default\" data-id=\"4887ca68\" data-element_type=\"section\">\n\t\t\t\t\t\t<div class=\"elementor-container elementor-column-gap-no\">\n\t\t\t\t\t<div class=\"elementor-column elementor-col-50 elementor-inner-column elementor-element elementor-element-741b659f\" data-id=\"741b659f\" data-element_type=\"column\">\n\t\t\t<div class=\"elementor-widget-wrap elementor-element-populated\">\n\t\t\t\t\t\t<div class=\"elementor-element elementor-element-6c7685e9 elementor-widget elementor-widget-text-editor\" data-id=\"6c7685e9\" data-element_type=\"widget\" data-widget_type=\"text-editor.default\">\n\t\t\t\t\t\t\t\t\t<div class=\"title\"><strong>\u0130\u015e SA\u011eLI\u011eI VE G\u00dcVENL\u0130\u011e\u0130 V\u0130ZYONU<\/strong><\/div><ul class=\"ulList\"><li>\u00c7al\u0131\u015fmalar\u0131m\u0131zda olu\u015fabilecek i\u015f kazalar\u0131n\u0131 ve olumsuzluklar\u0131 asgari d\u00fczeye indirmek,<\/li><li>\u00c7al\u0131\u015f\u0131lacak her projede olu\u015fabilecek i\u015f kazalar\u0131n\u0131 \u00f6nceden de\u011ferlendirerek g\u00fcvenli ve sa\u011fl\u0131kl\u0131 \u00e7al\u0131\u015fma ortamlar\u0131 sa\u011flamak,<\/li><li>Sekt\u00f6rel t\u00fcm yenilikleri, ara\u015ft\u0131rmalar\u0131 ve geli\u015fmeleri yak\u0131ndan takip etmek,<\/li><li>Kendi \u00e7al\u0131\u015ft\u0131\u011f\u0131m\u0131z sekt\u00f6rle ilgili i\u015f sa\u011fl\u0131\u011f\u0131 ve g\u00fcvenli\u011fi sorunlar\u0131na \u00e7\u00f6z\u00fcm getirmek,<\/li><li>Acil durumlarda, i\u015f sa\u011fl\u0131\u011f\u0131 ve g\u00fcvenli\u011fi risk y\u00f6netimini en geli\u015fmi\u015f seviyede sa\u011flamak,<\/li><li>Do\u011fru ve verimli \u00e7al\u0131\u015fma ortam\u0131n\u0131 destekleyecek \u015fekilde \u00e7al\u0131\u015fmalar\u0131m\u0131z\u0131 d\u00fczenlemek ve organize etmek,<\/li><\/ul><p>ilkelerinden olu\u015fan vizyonumuz ile sadece g\u00fcn\u00fcm\u00fczde de\u011fil gelecekte de ad\u0131ndan gururla bahsedilen ve hem sekt\u00f6r\u00fcm\u00fcz hem \u00fclkemiz i\u00e7in sa\u011flam izler b\u0131rakan bir \u015firket olmay\u0131 hedefliyoruz.<\/p>\t\t\t\t\t\t\t\t<\/div>\n\t\t\t\t\t<\/div>\n\t\t<\/div>\n\t\t\t\t<div class=\"elementor-column elementor-col-50 elementor-inner-column elementor-element elementor-element-6e307b19\" data-id=\"6e307b19\" data-element_type=\"column\">\n\t\t\t<div class=\"elementor-widget-wrap elementor-element-populated\">\n\t\t\t\t\t\t<div class=\"elementor-element elementor-element-45b33fb7 elementor-widget elementor-widget-text-editor\" data-id=\"45b33fb7\" data-element_type=\"widget\" data-widget_type=\"text-editor.default\">\n\t\t\t\t\t\t\t\t\t<div class=\"title\"><strong>\u0130\u015e SA\u011eLI\u011eI VE G\u00dcVENL\u0130\u011e\u0130 M\u0130SYONU<\/strong><\/div><p>Toplumsal sorumluluk ve \u00e7evreye duyarl\u0131l\u0131k konular\u0131nda bilin\u00e7li, kaliteli ve temiz \u00e7al\u0131\u015fma anlay\u0131\u015f\u0131n\u0131 kendine g\u00f6rev edinen Global Magnet\u00a0Sondaj:<\/p><ul class=\"ulList\"><li>Faaliyetlerinde i\u015f sa\u011fl\u0131\u011f\u0131 ve g\u00fcvenli\u011fi y\u00fck\u00fcml\u00fcl\u00fcklerine uymay\u0131,<br \/><br \/><\/li><li>T\u00fcm personelinin i\u015f sa\u011fl\u0131\u011f\u0131 ve g\u00fcvenli\u011fi sorumluluk ve bilinci i\u00e7erisinde \u00e7al\u0131\u015fmas\u0131n\u0131 sa\u011flamay\u0131,<br \/><br \/><\/li><li>\u0130\u015f sa\u011fl\u0131\u011f\u0131 ve g\u00fcvenli\u011fi standartlar\u0131n\u0131 s\u00fcrekli olarak geli\u015ftirmeyi,<br \/><br \/><\/li><li>\u00c7al\u0131\u015fmalar\u0131nda i\u015f sa\u011fl\u0131\u011f\u0131 ve g\u00fcvenli\u011fi taahh\u00fcd\u00fcn\u00fc yerine getirmeyi ve bu taahh\u00fcd\u00fcn\u00fc s\u00fcrekli takip ederek uygulanabilirli\u011fini sa\u011flamay\u0131,<br \/><br \/><\/li><li>\u0130\u015f sa\u011fl\u0131\u011f\u0131 ve g\u00fcvenli\u011fi beklentilerine ve sekt\u00f6r ihtiya\u00e7lar\u0131na duyarl\u0131 kalarak sekt\u00f6r\u00fcnde lider \u015firket olmay\u0131 ba\u015fl\u0131ca misyon edinmi\u015ftir.<\/li><\/ul>\t\t\t\t\t\t\t\t<\/div>\n\t\t\t\t\t<\/div>\n\t\t<\/div>\n\t\t\t\t\t<\/div>\n\t\t<\/section>\n\t\t\t\t<div class=\"elementor-element elementor-element-2724985a elementor-arrows-position-inside elementor-widget elementor-widget-image-carousel\" data-id=\"2724985a\" data-element_type=\"widget\" data-settings=\"{&quot;slides_to_show&quot;:&quot;2&quot;,&quot;slides_to_scroll&quot;:&quot;1&quot;,&quot;navigation&quot;:&quot;arrows&quot;,&quot;image_spacing_custom&quot;:{&quot;unit&quot;:&quot;px&quot;,&quot;size&quot;:30,&quot;sizes&quot;:[]},&quot;autoplay&quot;:&quot;yes&quot;,&quot;pause_on_hover&quot;:&quot;yes&quot;,&quot;pause_on_interaction&quot;:&quot;yes&quot;,&quot;autoplay_speed&quot;:5000,&quot;infinite&quot;:&quot;yes&quot;,&quot;speed&quot;:500,&quot;image_spacing_custom_tablet&quot;:{&quot;unit&quot;:&quot;px&quot;,&quot;size&quot;:&quot;&quot;,&quot;sizes&quot;:[]},&quot;image_spacing_custom_mobile&quot;:{&quot;unit&quot;:&quot;px&quot;,&quot;size&quot;:&quot;&quot;,&quot;sizes&quot;:[]}}\" data-widget_type=\"image-carousel.default\">\n\t\t\t\t\t\t\t<div class=\"elementor-image-carousel-wrapper swiper\" role=\"region\" aria-roledescription=\"carousel\" aria-label=\"Resim D\u00f6ng\u00fcs\u00fc\" dir=\"ltr\">\n\t\t\t<div class=\"elementor-image-carousel swiper-wrapper\" aria-live=\"off\">\n\t\t\t\t\t\t\t\t<div class=\"swiper-slide\" role=\"group\" aria-roledescription=\"slide\" aria-label=\"1 \/ 2\"><a data-elementor-open-lightbox=\"yes\" data-elementor-lightbox-slideshow=\"2724985a\" data-elementor-lightbox-title=\"8c16f5bcf0ec4ebb32dce55933b91a6f\" data-e-action-hash=\"#elementor-action%3Aaction%3Dlightbox%26settings%3DeyJpZCI6MjMyLCJ1cmwiOiJodHRwczpcL1wvd3d3LnRlc3QuemFra3VtYWxnb2xvamkuY29tXC93cC1jb250ZW50XC91cGxvYWRzXC8yMDI1XC8wOFwvOGMxNmY1YmNmMGVjNGViYjMyZGNlNTU5MzNiOTFhNmYtZTE3NTUxNzM0MDc3NTguanBnIiwic2xpZGVzaG93IjoiMjcyNDk4NWEifQ%3D%3D\" href=\"https:\/\/www.test.zakkumalgoloji.com\/wp-content\/uploads\/2025\/08\/8c16f5bcf0ec4ebb32dce55933b91a6f-e1755173407758.jpg\"><figure class=\"swiper-slide-inner\"><img decoding=\"async\" class=\"swiper-slide-image\" src=\"https:\/\/www.test.zakkumalgoloji.com\/wp-content\/uploads\/2025\/08\/8c16f5bcf0ec4ebb32dce55933b91a6f-e1755173407758.jpg\" alt=\"8c16f5bcf0ec4ebb32dce55933b91a6f\" \/><\/figure><\/a><\/div><div class=\"swiper-slide\" role=\"group\" aria-roledescription=\"slide\" aria-label=\"2 \/ 2\"><a data-elementor-open-lightbox=\"yes\" data-elementor-lightbox-slideshow=\"2724985a\" data-elementor-lightbox-title=\"3a9c10e29469917f34e486273cde79cf\" data-e-action-hash=\"#elementor-action%3Aaction%3Dlightbox%26settings%3DeyJpZCI6MjMxLCJ1cmwiOiJodHRwczpcL1wvd3d3LnRlc3QuemFra3VtYWxnb2xvamkuY29tXC93cC1jb250ZW50XC91cGxvYWRzXC8yMDI1XC8wOFwvM2E5YzEwZTI5NDY5OTE3ZjM0ZTQ4NjI3M2NkZTc5Y2YtZTE3NTUxNzMzNzczMTMuanBnIiwic2xpZGVzaG93IjoiMjcyNDk4NWEifQ%3D%3D\" href=\"https:\/\/www.test.zakkumalgoloji.com\/wp-content\/uploads\/2025\/08\/3a9c10e29469917f34e486273cde79cf-e1755173377313.jpg\"><figure class=\"swiper-slide-inner\"><img decoding=\"async\" class=\"swiper-slide-image\" src=\"https:\/\/www.test.zakkumalgoloji.com\/wp-content\/uploads\/2025\/08\/3a9c10e29469917f34e486273cde79cf-e1755173377313.jpg\" alt=\"3a9c10e29469917f34e486273cde79cf\" \/><\/figure><\/a><\/div>\t\t\t<\/div>\n\t\t\t\t\t\t\t\t\t\t\t\t<div class=\"elementor-swiper-button elementor-swiper-button-prev\" role=\"button\" tabindex=\"0\">\n\t\t\t\t\t\t<svg aria-hidden=\"true\" class=\"e-font-icon-svg e-eicon-chevron-left\" viewBox=\"0 0 1000 1000\" xmlns=\"http:\/\/www.w3.org\/2000\/svg\"><path d=\"M646 125C629 125 613 133 604 142L308 442C296 454 292 471 292 487 292 504 296 521 308 533L604 854C617 867 629 875 646 875 663 875 679 871 692 858 704 846 713 829 713 812 713 796 708 779 692 767L438 487 692 225C700 217 708 204 708 187 708 171 704 154 692 142 675 129 663 125 646 125Z\"><\/path><\/svg>\t\t\t\t\t<\/div>\n\t\t\t\t\t<div class=\"elementor-swiper-button elementor-swiper-button-next\" role=\"button\" tabindex=\"0\">\n\t\t\t\t\t\t<svg aria-hidden=\"true\" class=\"e-font-icon-svg e-eicon-chevron-right\" viewBox=\"0 0 1000 1000\" xmlns=\"http:\/\/www.w3.org\/2000\/svg\"><path d=\"M696 533C708 521 713 504 713 487 713 471 708 454 696 446L400 146C388 133 375 125 354 125 338 125 325 129 313 142 300 154 292 171 292 187 292 204 296 221 308 233L563 492 304 771C292 783 288 800 288 817 288 833 296 850 308 863 321 871 338 875 354 875 371 875 388 867 400 854L696 533Z\"><\/path><\/svg>\t\t\t\t\t<\/div>\n\t\t\t\t\n\t\t\t\t\t\t\t\t\t<\/div>\n\t\t\t\t\t\t<\/div>\n\t\t\t\t\t<\/div>\n\t\t<\/div>\n\t\t\t\t\t<\/div>\n\t\t<\/section>\n\t\t\t\t<\/div>\n\t\t","protected":false},"excerpt":{"rendered":"<p>\u0130\u015f Sa\u011fl\u0131\u011f\u0131 ve G\u00fcvenli\u011fi \u0130\u015f Sa\u011fl\u0131\u011f\u0131 ve G\u00fcvenli\u011fi \u0130\u015e SA\u011eLI\u011eI VE G\u00dcVENL\u0130\u011e\u0130 POL\u0130T\u0130KASIGlobal Magnet Sondaj\u00a0olarak, do\u011fru ve verimli bir \u00e7al\u0131\u015fman\u0131n ancak g\u00fcvenli ve sa\u011fl\u0131kl\u0131 bir \u00e7al\u0131\u015fma ortam\u0131nda ger\u00e7ekle\u015ftirilebilece\u011fine inanmaktay\u0131z.\u00a0 Global Magnet Sondaj\u00a0t\u00fcm s\u00fcre\u00e7lerde;Ulusal ve uluslararas\u0131 yasal d\u00fczenlemelere, i\u015f sa\u011fl\u0131\u011f\u0131 ve g\u00fcvenli\u011fi ile ilgili kanun, mevzuat ve di\u011fer y\u00fck\u00fcml\u00fcl\u00fcklere uymay\u0131, i\u015f sa\u011fl\u0131\u011f\u0131 ve g\u00fcvenli\u011fi konusunda sekt\u00f6rel [&hellip;]<\/p>\n","protected":false},"author":1,"featured_media":0,"parent":0,"menu_order":0,"comment_status":"closed","ping_status":"closed","template":"","meta":{"footnotes":""},"class_list":["post-133","page","type-page","status-publish","hentry"],"_links":{"self":[{"href":"https:\/\/www.test.zakkumalgoloji.com\/index.php?rest_route=\/wp\/v2\/pages\/133","targetHints":{"allow":["GET"]}}],"collection":[{"href":"https:\/\/www.test.zakkumalgoloji.com\/index.php?rest_route=\/wp\/v2\/pages"}],"about":[{"href":"https:\/\/www.test.zakkumalgoloji.com\/index.php?rest_route=\/wp\/v2\/types\/page"}],"author":[{"embeddable":true,"href":"https:\/\/www.test.zakkumalgoloji.com\/index.php?rest_route=\/wp\/v2\/users\/1"}],"replies":[{"embeddable":true,"href":"https:\/\/www.test.zakkumalgoloji.com\/index.php?rest_route=%2Fwp%2Fv2%2Fcomments&post=133"}],"version-history":[{"count":7,"href":"https:\/\/www.test.zakkumalgoloji.com\/index.php?rest_route=\/wp\/v2\/pages\/133\/revisions"}],"predecessor-version":[{"id":235,"href":"https:\/\/www.test.zakkumalgoloji.com\/index.php?rest_route=\/wp\/v2\/pages\/133\/revisions\/235"}],"wp:attachment":[{"href":"https:\/\/www.test.zakkumalgoloji.com\/index.php?rest_route=%2Fwp%2Fv2%2Fmedia&parent=133"}],"curies":[{"name":"wp","href":"https:\/\/api.w.org\/{rel}","templated":true}]}}