{"id":135,"date":"2025-08-13T14:30:32","date_gmt":"2025-08-13T14:30:32","guid":{"rendered":"https:\/\/www.test.zakkumalgoloji.com\/?page_id=135"},"modified":"2025-08-14T12:17:50","modified_gmt":"2025-08-14T12:17:50","slug":"cevre","status":"publish","type":"page","link":"https:\/\/www.test.zakkumalgoloji.com\/?page_id=135","title":{"rendered":"\u00c7EVRE"},"content":{"rendered":"\t\t<div data-elementor-type=\"wp-page\" data-elementor-id=\"135\" class=\"elementor elementor-135\" data-elementor-post-type=\"page\">\n\t\t\t\t\t\t<section class=\"elementor-section elementor-top-section elementor-element elementor-element-21950a09 elementor-section-boxed elementor-section-height-default elementor-section-height-default\" data-id=\"21950a09\" data-element_type=\"section\" data-settings=\"{&quot;background_background&quot;:&quot;classic&quot;}\">\n\t\t\t\t\t\t\t<div class=\"elementor-background-overlay\"><\/div>\n\t\t\t\t\t\t\t<div class=\"elementor-container elementor-column-gap-default\">\n\t\t\t\t\t<div class=\"elementor-column elementor-col-100 elementor-top-column elementor-element elementor-element-cec1fdb\" data-id=\"cec1fdb\" data-element_type=\"column\">\n\t\t\t<div class=\"elementor-widget-wrap elementor-element-populated\">\n\t\t\t\t\t\t<div class=\"elementor-element elementor-element-13ead33 elementor-widget elementor-widget-spacer\" data-id=\"13ead33\" data-element_type=\"widget\" data-widget_type=\"spacer.default\">\n\t\t\t\t\t\t\t<div class=\"elementor-spacer\">\n\t\t\t<div class=\"elementor-spacer-inner\"><\/div>\n\t\t<\/div>\n\t\t\t\t\t\t<\/div>\n\t\t\t\t<div class=\"elementor-element elementor-element-54783bf0 elementor-widget elementor-widget-heading\" data-id=\"54783bf0\" data-element_type=\"widget\" data-widget_type=\"heading.default\">\n\t\t\t\t\t<h2 class=\"elementor-heading-title elementor-size-default\">\u00c7EVRE<\/h2>\t\t\t\t<\/div>\n\t\t\t\t<div class=\"elementor-element elementor-element-d658835 elementor-widget elementor-widget-spacer\" data-id=\"d658835\" data-element_type=\"widget\" data-widget_type=\"spacer.default\">\n\t\t\t\t\t\t\t<div class=\"elementor-spacer\">\n\t\t\t<div class=\"elementor-spacer-inner\"><\/div>\n\t\t<\/div>\n\t\t\t\t\t\t<\/div>\n\t\t\t\t\t<\/div>\n\t\t<\/div>\n\t\t\t\t\t<\/div>\n\t\t<\/section>\n\t\t\t\t<section class=\"elementor-section elementor-top-section elementor-element elementor-element-5e174a48 elementor-section-boxed elementor-section-height-default elementor-section-height-default\" data-id=\"5e174a48\" data-element_type=\"section\">\n\t\t\t\t\t\t<div class=\"elementor-container elementor-column-gap-default\">\n\t\t\t\t\t<div class=\"elementor-column elementor-col-50 elementor-top-column elementor-element elementor-element-4a4eb4d5\" data-id=\"4a4eb4d5\" data-element_type=\"column\">\n\t\t\t<div class=\"elementor-widget-wrap elementor-element-populated\">\n\t\t\t\t\t\t<div class=\"elementor-element elementor-element-9a474ad elementor-widget elementor-widget-image\" data-id=\"9a474ad\" data-element_type=\"widget\" data-widget_type=\"image.default\">\n\t\t\t\t\t\t\t\t\t\t\t\t\t\t\t<img fetchpriority=\"high\" decoding=\"async\" width=\"500\" height=\"500\" src=\"https:\/\/www.test.zakkumalgoloji.com\/wp-content\/uploads\/2025\/08\/597a2bfe3f9bf40459fbe29565f9da6d.jpg\" class=\"attachment-full size-full wp-image-236\" alt=\"\" srcset=\"https:\/\/www.test.zakkumalgoloji.com\/wp-content\/uploads\/2025\/08\/597a2bfe3f9bf40459fbe29565f9da6d.jpg 500w, https:\/\/www.test.zakkumalgoloji.com\/wp-content\/uploads\/2025\/08\/597a2bfe3f9bf40459fbe29565f9da6d-300x300.jpg 300w, https:\/\/www.test.zakkumalgoloji.com\/wp-content\/uploads\/2025\/08\/597a2bfe3f9bf40459fbe29565f9da6d-150x150.jpg 150w\" sizes=\"(max-width: 500px) 100vw, 500px\" \/>\t\t\t\t\t\t\t\t\t\t\t\t\t\t\t<\/div>\n\t\t\t\t\t<\/div>\n\t\t<\/div>\n\t\t\t\t<div class=\"elementor-column elementor-col-50 elementor-top-column elementor-element elementor-element-5c230c1b\" data-id=\"5c230c1b\" data-element_type=\"column\">\n\t\t\t<div class=\"elementor-widget-wrap elementor-element-populated\">\n\t\t\t\t\t\t<div class=\"elementor-element elementor-element-425ada3d elementor-widget elementor-widget-heading\" data-id=\"425ada3d\" data-element_type=\"widget\" data-widget_type=\"heading.default\">\n\t\t\t\t\t<h3 class=\"elementor-heading-title elementor-size-default\">\u0130\u015e SA\u011eLI\u011eI VE G\u00dcVENL\u0130\u011e\u0130 POL\u0130T\u0130KASI<\/h3>\t\t\t\t<\/div>\n\t\t\t\t<div class=\"elementor-element elementor-element-38091b15 elementor-widget elementor-widget-text-editor\" data-id=\"38091b15\" data-element_type=\"widget\" data-widget_type=\"text-editor.default\">\n\t\t\t\t\t\t\t\t\t<p>Global Magnet Sondaj\u00a0olarak, do\u011fru ve verimli bir \u00e7al\u0131\u015fman\u0131n ancak g\u00fcvenli ve sa\u011fl\u0131kl\u0131 bir \u00e7al\u0131\u015fma ortam\u0131nda ger\u00e7ekle\u015ftirilebilece\u011fine inanmaktay\u0131z.<br \/><br \/><strong>Global Magnet Sondaj\u00a0t\u00fcm s\u00fcre\u00e7lerde;<\/strong><br \/>Ulusal ve uluslararas\u0131 yasal d\u00fczenlemelere, i\u015f sa\u011fl\u0131\u011f\u0131 ve g\u00fcvenli\u011fi ile ilgili kanun, mevzuat ve di\u011fer y\u00fck\u00fcml\u00fcl\u00fcklere uymay\u0131, i\u015f sa\u011fl\u0131\u011f\u0131 ve g\u00fcvenli\u011fi konusunda sekt\u00f6rel ve teknolojik geli\u015fmeleri takip ederek olu\u015fabilecek i\u015f kazalar\u0131n\u0131 \u00f6nlemeyi ve i\u015f sa\u011fl\u0131\u011f\u0131 ve g\u00fcvenli\u011fi performans\u0131n\u0131 s\u00fcrekli olarak geli\u015ftirmeyi, i\u015f sa\u011fl\u0131\u011f\u0131 ve g\u00fcvenli\u011fi ile ilgili t\u00fcm ekipmanlar\u0131 en do\u011fru ve en verimli \u015fekilde kullanmay\u0131, \u00e7al\u0131\u015f\u0131lacak projelerin ba\u015flang\u0131c\u0131ndan bitimine kadar olu\u015fabilecek i\u015f kazalar\u0131n\u0131n \u00f6nceden analiz ve de\u011ferlendirilmesi yaparak gerekli ekipmanlarla \u00f6nlemleri almay\u0131, en \u00fcst birimden en alt birime kadar t\u00fcm \u00e7al\u0131\u015fanlar\u0131m\u0131z\u0131n i\u015f sa\u011fl\u0131\u011f\u0131 ve g\u00fcvenli\u011fi konusunda e\u011fitimler almas\u0131n\u0131 sa\u011flayarak i\u015f sa\u011fl\u0131\u011f\u0131 ve g\u00fcvenli\u011fi sorumlulu\u011fu olu\u015fturmay\u0131 ve bu bilinci art\u0131rmay\u0131 hedeflemekte ve taahh\u00fct etmektedir.<\/p>\t\t\t\t\t\t\t\t<\/div>\n\t\t\t\t\t<\/div>\n\t\t<\/div>\n\t\t\t\t\t<\/div>\n\t\t<\/section>\n\t\t\t\t<section class=\"elementor-section elementor-top-section elementor-element elementor-element-1092623e elementor-section-boxed elementor-section-height-default elementor-section-height-default\" data-id=\"1092623e\" data-element_type=\"section\">\n\t\t\t\t\t\t<div class=\"elementor-container elementor-column-gap-default\">\n\t\t\t\t\t<div class=\"elementor-column elementor-col-100 elementor-top-column elementor-element elementor-element-59244ba0\" data-id=\"59244ba0\" data-element_type=\"column\">\n\t\t\t<div class=\"elementor-widget-wrap elementor-element-populated\">\n\t\t\t\t\t\t<section class=\"elementor-section elementor-inner-section elementor-element elementor-element-32bcabde elementor-section-boxed elementor-section-height-default elementor-section-height-default\" data-id=\"32bcabde\" data-element_type=\"section\">\n\t\t\t\t\t\t<div class=\"elementor-container elementor-column-gap-no\">\n\t\t\t\t\t<div class=\"elementor-column elementor-col-50 elementor-inner-column elementor-element elementor-element-57a91f7c\" data-id=\"57a91f7c\" data-element_type=\"column\">\n\t\t\t<div class=\"elementor-widget-wrap elementor-element-populated\">\n\t\t\t\t\t\t<div class=\"elementor-element elementor-element-2d01f023 elementor-widget elementor-widget-text-editor\" data-id=\"2d01f023\" data-element_type=\"widget\" data-widget_type=\"text-editor.default\">\n\t\t\t\t\t\t\t\t\t<div class=\"title\"><strong>\u00c7EVRE V\u0130ZYONU<\/strong><\/div><ul class=\"ulList\"><li>\u00c7al\u0131\u015fmalar\u0131m\u0131zdan kaynaklanabilecek \u00e7evre \u00fczerindeki olumsuz etkileri asgari d\u00fczeye indirmek,<\/li><li>\u00c7al\u0131\u015f\u0131lacak her projenin \u00e7evresel etkilerini \u00f6nceden de\u011ferlendirerek, \u00e7evrenin korunmas\u0131 ana prensip olmak \u00fczere, sa\u011fl\u0131kl\u0131 ve g\u00fcvenli \u00e7al\u0131\u015fma yap\u0131lmas\u0131n\u0131 sa\u011flamak,<\/li><li>Sekt\u00f6rel t\u00fcm yenilikleri, ara\u015ft\u0131rmalar\u0131 ve geli\u015fmeleri yak\u0131ndan takip etmek,<\/li><li>\u00c7evre sorunlar\u0131na kendi \u00e7al\u0131\u015ft\u0131\u011f\u0131m\u0131z sekt\u00f6rle ilgili \u00e7\u00f6z\u00fcm getirmek,<\/li><li>Acil durumlarda \u00e7evresel risk y\u00f6netimini en geli\u015fmi\u015f seviyede tutmak,<\/li><li>S\u00fcrd\u00fcr\u00fclebilir kalk\u0131nma ilkesini destekleyecek \u015fekilde \u00e7al\u0131\u015fmalar\u0131m\u0131z\u0131 d\u00fczenlemek ve organize etmek,<\/li><\/ul><p><br \/>\u0130lkelerinden olu\u015fan vizyonumuz ile sadece g\u00fcn\u00fcm\u00fczde de\u011fil gelecekte de ad\u0131ndan gururla bahsedilen ve hem sekt\u00f6r\u00fcm\u00fcz hem \u00fclkemiz i\u00e7in sa\u011flam izler b\u0131rakan bir \u015firket olmay\u0131 hedefliyoruz.<\/p>\t\t\t\t\t\t\t\t<\/div>\n\t\t\t\t\t<\/div>\n\t\t<\/div>\n\t\t\t\t<div class=\"elementor-column elementor-col-50 elementor-inner-column elementor-element elementor-element-bbe867c\" data-id=\"bbe867c\" data-element_type=\"column\">\n\t\t\t<div class=\"elementor-widget-wrap elementor-element-populated\">\n\t\t\t\t\t\t<div class=\"elementor-element elementor-element-22693627 elementor-widget elementor-widget-text-editor\" data-id=\"22693627\" data-element_type=\"widget\" data-widget_type=\"text-editor.default\">\n\t\t\t\t\t\t\t\t\t<div class=\"title\"><strong>\u00c7EVRE M\u0130SYONU<\/strong><\/div><p>Toplumsal sorumluluk ve \u00e7evreye duyarl\u0131l\u0131k konular\u0131nda bilin\u00e7li, kaliteli ve temiz \u00e7al\u0131\u015fma anlay\u0131\u015f\u0131n\u0131 kendine g\u00f6rev edinen Global Magnet\u00a0Sondaj:<br \/><br \/><\/p><ul class=\"ulList\"><li>T\u00fcm faaliyetlerinde \u00e7evresel y\u00fck\u00fcml\u00fcl\u00fcklere uymay\u0131,<\/li><li>T\u00fcm personeliyle \u00e7evresel sorumluluk ve bilinci i\u00e7inde \u00e7al\u0131\u015fmay\u0131,<\/li><li>\u00c7evresel etki standartlar\u0131n\u0131 s\u00fcrekli olarak geli\u015ftirmeyi,<\/li><li>\u00c7evre taahh\u00fcd\u00fcn\u00fc s\u00fcrekli geli\u015ftirmeyi,<\/li><li>\u00c7al\u0131\u015fmalar\u0131nda \u00e7evre taahh\u00fcd\u00fcn\u00fc yerine getirmeyi s\u00fcrekli takip ederek uygulanabilirli\u011fini sa\u011flamay\u0131,<\/li><li>\u00c7evre, sa\u011fl\u0131k ve g\u00fcvenlik beklentilerine ve gereksinimlerine duyarl\u0131 kalarak sekt\u00f6r\u00fcnde lider \u015firket olmay\u0131, ba\u015fl\u0131ca misyon edinmi\u015ftir.<\/li><\/ul>\t\t\t\t\t\t\t\t<\/div>\n\t\t\t\t\t<\/div>\n\t\t<\/div>\n\t\t\t\t\t<\/div>\n\t\t<\/section>\n\t\t\t\t\t<\/div>\n\t\t<\/div>\n\t\t\t\t\t<\/div>\n\t\t<\/section>\n\t\t\t\t<\/div>\n\t\t","protected":false},"excerpt":{"rendered":"<p>\u00c7EVRE \u0130\u015e SA\u011eLI\u011eI VE G\u00dcVENL\u0130\u011e\u0130 POL\u0130T\u0130KASI Global Magnet Sondaj\u00a0olarak, do\u011fru ve verimli bir \u00e7al\u0131\u015fman\u0131n ancak g\u00fcvenli ve sa\u011fl\u0131kl\u0131 bir \u00e7al\u0131\u015fma ortam\u0131nda ger\u00e7ekle\u015ftirilebilece\u011fine inanmaktay\u0131z. Global Magnet Sondaj\u00a0t\u00fcm s\u00fcre\u00e7lerde;Ulusal ve uluslararas\u0131 yasal d\u00fczenlemelere, i\u015f sa\u011fl\u0131\u011f\u0131 ve g\u00fcvenli\u011fi ile ilgili kanun, mevzuat ve di\u011fer y\u00fck\u00fcml\u00fcl\u00fcklere uymay\u0131, i\u015f sa\u011fl\u0131\u011f\u0131 ve g\u00fcvenli\u011fi konusunda sekt\u00f6rel ve teknolojik geli\u015fmeleri takip ederek olu\u015fabilecek [&hellip;]<\/p>\n","protected":false},"author":1,"featured_media":0,"parent":0,"menu_order":0,"comment_status":"closed","ping_status":"closed","template":"","meta":{"footnotes":""},"class_list":["post-135","page","type-page","status-publish","hentry"],"_links":{"self":[{"href":"https:\/\/www.test.zakkumalgoloji.com\/index.php?rest_route=\/wp\/v2\/pages\/135","targetHints":{"allow":["GET"]}}],"collection":[{"href":"https:\/\/www.test.zakkumalgoloji.com\/index.php?rest_route=\/wp\/v2\/pages"}],"about":[{"href":"https:\/\/www.test.zakkumalgoloji.com\/index.php?rest_route=\/wp\/v2\/types\/page"}],"author":[{"embeddable":true,"href":"https:\/\/www.test.zakkumalgoloji.com\/index.php?rest_route=\/wp\/v2\/users\/1"}],"replies":[{"embeddable":true,"href":"https:\/\/www.test.zakkumalgoloji.com\/index.php?rest_route=%2Fwp%2Fv2%2Fcomments&post=135"}],"version-history":[{"count":4,"href":"https:\/\/www.test.zakkumalgoloji.com\/index.php?rest_route=\/wp\/v2\/pages\/135\/revisions"}],"predecessor-version":[{"id":239,"href":"https:\/\/www.test.zakkumalgoloji.com\/index.php?rest_route=\/wp\/v2\/pages\/135\/revisions\/239"}],"wp:attachment":[{"href":"https:\/\/www.test.zakkumalgoloji.com\/index.php?rest_route=%2Fwp%2Fv2%2Fmedia&parent=135"}],"curies":[{"name":"wp","href":"https:\/\/api.w.org\/{rel}","templated":true}]}}