{"id":451,"date":"2025-09-24T07:20:06","date_gmt":"2025-09-24T07:20:06","guid":{"rendered":"https:\/\/www.test.zakkumalgoloji.com\/?page_id=451"},"modified":"2025-09-24T07:23:05","modified_gmt":"2025-09-24T07:23:05","slug":"ohs","status":"publish","type":"page","link":"https:\/\/www.test.zakkumalgoloji.com\/?page_id=451&lang=en","title":{"rendered":"OHS"},"content":{"rendered":"\t\t<div data-elementor-type=\"wp-page\" data-elementor-id=\"451\" class=\"elementor elementor-451\" data-elementor-post-type=\"page\">\n\t\t\t\t\t\t<section class=\"elementor-section elementor-top-section elementor-element elementor-element-49924221 elementor-section-boxed elementor-section-height-default elementor-section-height-default\" data-id=\"49924221\" data-element_type=\"section\" data-settings=\"{&quot;background_background&quot;:&quot;classic&quot;}\">\n\t\t\t\t\t\t\t<div class=\"elementor-background-overlay\"><\/div>\n\t\t\t\t\t\t\t<div class=\"elementor-container elementor-column-gap-default\">\n\t\t\t\t\t<div class=\"elementor-column elementor-col-100 elementor-top-column elementor-element elementor-element-4b253992\" data-id=\"4b253992\" data-element_type=\"column\">\n\t\t\t<div class=\"elementor-widget-wrap elementor-element-populated\">\n\t\t\t\t\t\t<div class=\"elementor-element elementor-element-a234c76 elementor-widget elementor-widget-spacer\" data-id=\"a234c76\" data-element_type=\"widget\" data-widget_type=\"spacer.default\">\n\t\t\t\t\t\t\t<div class=\"elementor-spacer\">\n\t\t\t<div class=\"elementor-spacer-inner\"><\/div>\n\t\t<\/div>\n\t\t\t\t\t\t<\/div>\n\t\t\t\t<div class=\"elementor-element elementor-element-6f9530f6 elementor-widget elementor-widget-heading\" data-id=\"6f9530f6\" data-element_type=\"widget\" data-widget_type=\"heading.default\">\n\t\t\t\t\t<h2 class=\"elementor-heading-title elementor-size-default\">\nOccupational Health and Safety<\/h2>\t\t\t\t<\/div>\n\t\t\t\t<div class=\"elementor-element elementor-element-bd5993a elementor-widget elementor-widget-spacer\" data-id=\"bd5993a\" data-element_type=\"widget\" data-widget_type=\"spacer.default\">\n\t\t\t\t\t\t\t<div class=\"elementor-spacer\">\n\t\t\t<div class=\"elementor-spacer-inner\"><\/div>\n\t\t<\/div>\n\t\t\t\t\t\t<\/div>\n\t\t\t\t\t<\/div>\n\t\t<\/div>\n\t\t\t\t\t<\/div>\n\t\t<\/section>\n\t\t\t\t<section class=\"elementor-section elementor-top-section elementor-element elementor-element-2d0c2631 elementor-section-boxed elementor-section-height-default elementor-section-height-default\" data-id=\"2d0c2631\" data-element_type=\"section\">\n\t\t\t\t\t\t<div class=\"elementor-container elementor-column-gap-default\">\n\t\t\t\t\t<div class=\"elementor-column elementor-col-50 elementor-top-column elementor-element elementor-element-41db1119\" data-id=\"41db1119\" data-element_type=\"column\">\n\t\t\t<div class=\"elementor-widget-wrap elementor-element-populated\">\n\t\t\t\t\t\t<div class=\"elementor-element elementor-element-6b7bde09 elementor-widget elementor-widget-image\" data-id=\"6b7bde09\" data-element_type=\"widget\" data-widget_type=\"image.default\">\n\t\t\t\t\t\t\t\t\t\t\t\t\t\t\t<img fetchpriority=\"high\" decoding=\"async\" width=\"500\" height=\"588\" src=\"https:\/\/www.test.zakkumalgoloji.com\/wp-content\/uploads\/2025\/08\/a45aabda7cbf8d034b48ec7e7ae0defc-e1755173531395.jpg\" class=\"attachment-full size-full wp-image-230\" alt=\"\" srcset=\"https:\/\/www.test.zakkumalgoloji.com\/wp-content\/uploads\/2025\/08\/a45aabda7cbf8d034b48ec7e7ae0defc-e1755173531395.jpg 500w, https:\/\/www.test.zakkumalgoloji.com\/wp-content\/uploads\/2025\/08\/a45aabda7cbf8d034b48ec7e7ae0defc-e1755173531395-255x300.jpg 255w\" sizes=\"(max-width: 500px) 100vw, 500px\" \/>\t\t\t\t\t\t\t\t\t\t\t\t\t\t\t<\/div>\n\t\t\t\t\t<\/div>\n\t\t<\/div>\n\t\t\t\t<div class=\"elementor-column elementor-col-50 elementor-top-column elementor-element elementor-element-4d56555\" data-id=\"4d56555\" data-element_type=\"column\">\n\t\t\t<div class=\"elementor-widget-wrap elementor-element-populated\">\n\t\t\t\t\t\t<div class=\"elementor-element elementor-element-42aece3b elementor-widget elementor-widget-heading\" data-id=\"42aece3b\" data-element_type=\"widget\" data-widget_type=\"heading.default\">\n\t\t\t\t\t<h3 class=\"elementor-heading-title elementor-size-default\">\nOccupational Health and Safety<\/h3>\t\t\t\t<\/div>\n\t\t\t\t<div class=\"elementor-element elementor-element-b337643 elementor-widget elementor-widget-spacer\" data-id=\"b337643\" data-element_type=\"widget\" data-widget_type=\"spacer.default\">\n\t\t\t\t\t\t\t<div class=\"elementor-spacer\">\n\t\t\t<div class=\"elementor-spacer-inner\"><\/div>\n\t\t<\/div>\n\t\t\t\t\t\t<\/div>\n\t\t\t\t<div class=\"elementor-element elementor-element-300f2b1e elementor-widget elementor-widget-text-editor\" data-id=\"300f2b1e\" data-element_type=\"widget\" data-widget_type=\"text-editor.default\">\n\t\t\t\t\t\t\t\t\t<div class=\"title\"><strong>Occupational Health and Safety Policy (OHS Policy)<br \/><\/strong><\/div><div class=\"title\">As Global Magnet Drilling, we believe that accurate and efficient work can only be achieved in a safe and healthy working environment.<\/div><div>\u00a0<\/div><p><strong>At Global Magnet Drilling, in all our processes:<\/strong><br \/>We comply with national and international legal regulations, occupational health and safety laws, and other obligations. We closely follow sectoral and technological developments regarding occupational health and safety, aiming to prevent potential accidents and continuously improve health and safety performance. We commit to using modern equipment correctly and effectively, taking measures to prevent accidents that may occur from the beginning to the end of projects, and providing the necessary equipment. From top management to all team members, we ensure that every employee receives OHS training, adopts a sense of responsibility for occupational health and safety, and embraces a culture of safety.<\/p>\t\t\t\t\t\t\t\t<\/div>\n\t\t\t\t\t<\/div>\n\t\t<\/div>\n\t\t\t\t\t<\/div>\n\t\t<\/section>\n\t\t\t\t<section class=\"elementor-section elementor-top-section elementor-element elementor-element-1847f7c6 elementor-section-boxed elementor-section-height-default elementor-section-height-default\" data-id=\"1847f7c6\" data-element_type=\"section\">\n\t\t\t\t\t\t<div class=\"elementor-container elementor-column-gap-default\">\n\t\t\t\t\t<div class=\"elementor-column elementor-col-100 elementor-top-column elementor-element elementor-element-55018f0d\" data-id=\"55018f0d\" data-element_type=\"column\">\n\t\t\t<div class=\"elementor-widget-wrap elementor-element-populated\">\n\t\t\t\t\t\t<section class=\"elementor-section elementor-inner-section elementor-element elementor-element-4887ca68 elementor-section-boxed elementor-section-height-default elementor-section-height-default\" data-id=\"4887ca68\" data-element_type=\"section\">\n\t\t\t\t\t\t<div class=\"elementor-container elementor-column-gap-no\">\n\t\t\t\t\t<div class=\"elementor-column elementor-col-50 elementor-inner-column elementor-element elementor-element-741b659f\" data-id=\"741b659f\" data-element_type=\"column\">\n\t\t\t<div class=\"elementor-widget-wrap elementor-element-populated\">\n\t\t\t\t\t\t<div class=\"elementor-element elementor-element-6c7685e9 elementor-widget elementor-widget-text-editor\" data-id=\"6c7685e9\" data-element_type=\"widget\" data-widget_type=\"text-editor.default\">\n\t\t\t\t\t\t\t\t\t<div class=\"title\"><strong>OHS Vision<\/strong><\/div><ul class=\"ulList\"><li data-start=\"1398\" data-end=\"1469\"><p data-start=\"1400\" data-end=\"1469\">Minimize work accidents and risks that may occur in our operations,<\/p><\/li><li data-start=\"1470\" data-end=\"1580\"><p data-start=\"1472\" data-end=\"1580\">Ensure safe and healthy working environments by assessing potential accidents in every project beforehand,<\/p><\/li><li data-start=\"1581\" data-end=\"1653\"><p data-start=\"1583\" data-end=\"1653\">Closely follow all sectoral innovations, research, and developments,<\/p><\/li><li data-start=\"1654\" data-end=\"1731\"><p data-start=\"1656\" data-end=\"1731\">Provide solutions to occupational health and safety issues in our sector,<\/p><\/li><li data-start=\"1732\" data-end=\"1787\"><p data-start=\"1734\" data-end=\"1787\">Ensure effective OHS management during emergencies,<\/p><\/li><li data-start=\"1788\" data-end=\"1866\"><p data-start=\"1790\" data-end=\"1866\">Maintain high standards of OHS through organized and systematic practices,<\/p><\/li><li data-start=\"1867\" data-end=\"2042\"><p data-start=\"1869\" data-end=\"2042\">Create a safe and efficient working environment with continuous improvements, and to become a company recognized for its strong OHS practices both today and in the future.<\/p><\/li><\/ul>\t\t\t\t\t\t\t\t<\/div>\n\t\t\t\t\t<\/div>\n\t\t<\/div>\n\t\t\t\t<div class=\"elementor-column elementor-col-50 elementor-inner-column elementor-element elementor-element-6e307b19\" data-id=\"6e307b19\" data-element_type=\"column\">\n\t\t\t<div class=\"elementor-widget-wrap elementor-element-populated\">\n\t\t\t\t\t\t<div class=\"elementor-element elementor-element-45b33fb7 elementor-widget elementor-widget-text-editor\" data-id=\"45b33fb7\" data-element_type=\"widget\" data-widget_type=\"text-editor.default\">\n\t\t\t\t\t\t\t\t\t<div class=\"title\"><h3 data-start=\"2049\" data-end=\"2066\">OHS Mission<\/h3><p data-start=\"2067\" data-end=\"2184\">Adopting social responsibility and environmental awareness as core values, Global Magnet Drilling\u2019s OHS mission is:<\/p><ul data-start=\"2185\" data-end=\"2611\"><li data-start=\"2185\" data-end=\"2265\"><p data-start=\"2187\" data-end=\"2265\">To comply with occupational health and safety obligations in all operations,<\/p><\/li><li data-start=\"2266\" data-end=\"2340\"><p data-start=\"2268\" data-end=\"2340\">To ensure that all employees embrace OHS awareness and responsibility,<\/p><\/li><li data-start=\"2341\" data-end=\"2413\"><p data-start=\"2343\" data-end=\"2413\">To continuously implement and improve occupational safety standards,<\/p><\/li><li data-start=\"2414\" data-end=\"2472\"><p data-start=\"2416\" data-end=\"2472\">To fulfill OHS commitments and monitor them regularly,<\/p><\/li><li data-start=\"2473\" data-end=\"2611\"><p data-start=\"2475\" data-end=\"2611\">To meet customer and sector expectations in OHS and become a leader in the industry by providing safe and reliable working conditions.<\/p><\/li><\/ul><\/div>\t\t\t\t\t\t\t\t<\/div>\n\t\t\t\t\t<\/div>\n\t\t<\/div>\n\t\t\t\t\t<\/div>\n\t\t<\/section>\n\t\t\t\t<div class=\"elementor-element elementor-element-2724985a elementor-arrows-position-inside elementor-widget elementor-widget-image-carousel\" data-id=\"2724985a\" data-element_type=\"widget\" data-settings=\"{&quot;slides_to_show&quot;:&quot;2&quot;,&quot;slides_to_scroll&quot;:&quot;1&quot;,&quot;navigation&quot;:&quot;arrows&quot;,&quot;image_spacing_custom&quot;:{&quot;unit&quot;:&quot;px&quot;,&quot;size&quot;:30,&quot;sizes&quot;:[]},&quot;autoplay&quot;:&quot;yes&quot;,&quot;pause_on_hover&quot;:&quot;yes&quot;,&quot;pause_on_interaction&quot;:&quot;yes&quot;,&quot;autoplay_speed&quot;:5000,&quot;infinite&quot;:&quot;yes&quot;,&quot;speed&quot;:500,&quot;image_spacing_custom_tablet&quot;:{&quot;unit&quot;:&quot;px&quot;,&quot;size&quot;:&quot;&quot;,&quot;sizes&quot;:[]},&quot;image_spacing_custom_mobile&quot;:{&quot;unit&quot;:&quot;px&quot;,&quot;size&quot;:&quot;&quot;,&quot;sizes&quot;:[]}}\" data-widget_type=\"image-carousel.default\">\n\t\t\t\t\t\t\t<div class=\"elementor-image-carousel-wrapper swiper\" role=\"region\" aria-roledescription=\"carousel\" aria-label=\"Resim D\u00f6ng\u00fcs\u00fc\" dir=\"ltr\">\n\t\t\t<div class=\"elementor-image-carousel swiper-wrapper\" aria-live=\"off\">\n\t\t\t\t\t\t\t\t<div class=\"swiper-slide\" role=\"group\" aria-roledescription=\"slide\" aria-label=\"1 of 2\"><a data-elementor-open-lightbox=\"yes\" data-elementor-lightbox-slideshow=\"2724985a\" data-elementor-lightbox-title=\"8c16f5bcf0ec4ebb32dce55933b91a6f\" data-e-action-hash=\"#elementor-action%3Aaction%3Dlightbox%26settings%3DeyJpZCI6MjMyLCJ1cmwiOiJodHRwczpcL1wvd3d3LnRlc3QuemFra3VtYWxnb2xvamkuY29tXC93cC1jb250ZW50XC91cGxvYWRzXC8yMDI1XC8wOFwvOGMxNmY1YmNmMGVjNGViYjMyZGNlNTU5MzNiOTFhNmYtZTE3NTUxNzM0MDc3NTguanBnIiwic2xpZGVzaG93IjoiMjcyNDk4NWEifQ%3D%3D\" href=\"https:\/\/www.test.zakkumalgoloji.com\/wp-content\/uploads\/2025\/08\/8c16f5bcf0ec4ebb32dce55933b91a6f-e1755173407758.jpg\"><figure class=\"swiper-slide-inner\"><img decoding=\"async\" class=\"swiper-slide-image\" src=\"https:\/\/www.test.zakkumalgoloji.com\/wp-content\/uploads\/2025\/08\/8c16f5bcf0ec4ebb32dce55933b91a6f-e1755173407758.jpg\" alt=\"8c16f5bcf0ec4ebb32dce55933b91a6f\" \/><\/figure><\/a><\/div><div class=\"swiper-slide\" role=\"group\" aria-roledescription=\"slide\" aria-label=\"2 of 2\"><a data-elementor-open-lightbox=\"yes\" data-elementor-lightbox-slideshow=\"2724985a\" data-elementor-lightbox-title=\"3a9c10e29469917f34e486273cde79cf\" data-e-action-hash=\"#elementor-action%3Aaction%3Dlightbox%26settings%3DeyJpZCI6MjMxLCJ1cmwiOiJodHRwczpcL1wvd3d3LnRlc3QuemFra3VtYWxnb2xvamkuY29tXC93cC1jb250ZW50XC91cGxvYWRzXC8yMDI1XC8wOFwvM2E5YzEwZTI5NDY5OTE3ZjM0ZTQ4NjI3M2NkZTc5Y2YtZTE3NTUxNzMzNzczMTMuanBnIiwic2xpZGVzaG93IjoiMjcyNDk4NWEifQ%3D%3D\" href=\"https:\/\/www.test.zakkumalgoloji.com\/wp-content\/uploads\/2025\/08\/3a9c10e29469917f34e486273cde79cf-e1755173377313.jpg\"><figure class=\"swiper-slide-inner\"><img decoding=\"async\" class=\"swiper-slide-image\" src=\"https:\/\/www.test.zakkumalgoloji.com\/wp-content\/uploads\/2025\/08\/3a9c10e29469917f34e486273cde79cf-e1755173377313.jpg\" alt=\"3a9c10e29469917f34e486273cde79cf\" \/><\/figure><\/a><\/div>\t\t\t<\/div>\n\t\t\t\t\t\t\t\t\t\t\t\t<div class=\"elementor-swiper-button elementor-swiper-button-prev\" role=\"button\" tabindex=\"0\">\n\t\t\t\t\t\t<svg aria-hidden=\"true\" class=\"e-font-icon-svg e-eicon-chevron-left\" viewBox=\"0 0 1000 1000\" xmlns=\"http:\/\/www.w3.org\/2000\/svg\"><path d=\"M646 125C629 125 613 133 604 142L308 442C296 454 292 471 292 487 292 504 296 521 308 533L604 854C617 867 629 875 646 875 663 875 679 871 692 858 704 846 713 829 713 812 713 796 708 779 692 767L438 487 692 225C700 217 708 204 708 187 708 171 704 154 692 142 675 129 663 125 646 125Z\"><\/path><\/svg>\t\t\t\t\t<\/div>\n\t\t\t\t\t<div class=\"elementor-swiper-button elementor-swiper-button-next\" role=\"button\" tabindex=\"0\">\n\t\t\t\t\t\t<svg aria-hidden=\"true\" class=\"e-font-icon-svg e-eicon-chevron-right\" viewBox=\"0 0 1000 1000\" xmlns=\"http:\/\/www.w3.org\/2000\/svg\"><path d=\"M696 533C708 521 713 504 713 487 713 471 708 454 696 446L400 146C388 133 375 125 354 125 338 125 325 129 313 142 300 154 292 171 292 187 292 204 296 221 308 233L563 492 304 771C292 783 288 800 288 817 288 833 296 850 308 863 321 871 338 875 354 875 371 875 388 867 400 854L696 533Z\"><\/path><\/svg>\t\t\t\t\t<\/div>\n\t\t\t\t\n\t\t\t\t\t\t\t\t\t<\/div>\n\t\t\t\t\t\t<\/div>\n\t\t\t\t\t<\/div>\n\t\t<\/div>\n\t\t\t\t\t<\/div>\n\t\t<\/section>\n\t\t\t\t<\/div>\n\t\t","protected":false},"excerpt":{"rendered":"<p>Occupational Health and Safety Occupational Health and Safety Occupational Health and Safety Policy (OHS Policy)As Global Magnet Drilling, we believe that accurate and efficient work can only be achieved in a safe and healthy working environment.\u00a0 At Global Magnet Drilling, in all our processes:We comply with national and international legal regulations, occupational health and safety [&hellip;]<\/p>\n","protected":false},"author":1,"featured_media":0,"parent":0,"menu_order":0,"comment_status":"closed","ping_status":"closed","template":"","meta":{"footnotes":""},"class_list":["post-451","page","type-page","status-publish","hentry"],"_links":{"self":[{"href":"https:\/\/www.test.zakkumalgoloji.com\/index.php?rest_route=\/wp\/v2\/pages\/451","targetHints":{"allow":["GET"]}}],"collection":[{"href":"https:\/\/www.test.zakkumalgoloji.com\/index.php?rest_route=\/wp\/v2\/pages"}],"about":[{"href":"https:\/\/www.test.zakkumalgoloji.com\/index.php?rest_route=\/wp\/v2\/types\/page"}],"author":[{"embeddable":true,"href":"https:\/\/www.test.zakkumalgoloji.com\/index.php?rest_route=\/wp\/v2\/users\/1"}],"replies":[{"embeddable":true,"href":"https:\/\/www.test.zakkumalgoloji.com\/index.php?rest_route=%2Fwp%2Fv2%2Fcomments&post=451"}],"version-history":[{"count":4,"href":"https:\/\/www.test.zakkumalgoloji.com\/index.php?rest_route=\/wp\/v2\/pages\/451\/revisions"}],"predecessor-version":[{"id":455,"href":"https:\/\/www.test.zakkumalgoloji.com\/index.php?rest_route=\/wp\/v2\/pages\/451\/revisions\/455"}],"wp:attachment":[{"href":"https:\/\/www.test.zakkumalgoloji.com\/index.php?rest_route=%2Fwp%2Fv2%2Fmedia&parent=451"}],"curies":[{"name":"wp","href":"https:\/\/api.w.org\/{rel}","templated":true}]}}